{"id":1989,"date":"2022-04-03T19:46:55","date_gmt":"2022-04-03T17:46:55","guid":{"rendered":"https:\/\/www.bio-freiburg.ch\/contact\/"},"modified":"2026-01-29T15:36:02","modified_gmt":"2026-01-29T14:36:02","slug":"contact","status":"publish","type":"page","link":"https:\/\/bio-freiburg.ch\/fr\/contact\/","title":{"rendered":"Contact"},"content":{"rendered":"\t\t<div data-elementor-type=\"wp-page\" data-elementor-id=\"1989\" class=\"elementor elementor-1989 elementor-1888\" data-elementor-settings=\"{&quot;ha_cmc_init_switcher&quot;:&quot;no&quot;}\" data-elementor-post-type=\"page\">\n\t\t\t\t\t\t<section class=\"elementor-section elementor-top-section elementor-element elementor-element-932acec elementor-section-height-min-height elementor-section-boxed elementor-section-height-default elementor-section-items-middle\" data-id=\"932acec\" data-element_type=\"section\" data-e-type=\"section\" data-settings=\"{&quot;background_background&quot;:&quot;classic&quot;,&quot;_ha_eqh_enable&quot;:false}\">\n\t\t\t\t\t\t<div class=\"elementor-container elementor-column-gap-default\">\n\t\t\t\t\t<div class=\"elementor-column elementor-col-100 elementor-top-column elementor-element elementor-element-243e59b\" data-id=\"243e59b\" data-element_type=\"column\" data-e-type=\"column\">\n\t\t\t<div class=\"elementor-widget-wrap\">\n\t\t\t\t\t\t\t<\/div>\n\t\t<\/div>\n\t\t\t\t\t<\/div>\n\t\t<\/section>\n\t\t\t\t<section class=\"elementor-section elementor-top-section elementor-element elementor-element-ea3f00d elementor-section-boxed elementor-section-height-default elementor-section-height-default\" data-id=\"ea3f00d\" data-element_type=\"section\" data-e-type=\"section\" data-settings=\"{&quot;_ha_eqh_enable&quot;:false}\">\n\t\t\t\t\t\t<div class=\"elementor-container elementor-column-gap-default\">\n\t\t\t\t\t<div class=\"elementor-column elementor-col-100 elementor-top-column elementor-element elementor-element-80ad22e\" data-id=\"80ad22e\" data-element_type=\"column\" data-e-type=\"column\">\n\t\t\t<div class=\"elementor-widget-wrap elementor-element-populated\">\n\t\t\t\t\t\t<div class=\"elementor-element elementor-element-6828be7a elementor-widget elementor-widget-heading\" data-id=\"6828be7a\" data-element_type=\"widget\" data-e-type=\"widget\" data-widget_type=\"heading.default\">\n\t\t\t\t<div class=\"elementor-widget-container\">\n\t\t\t\t\t<h1 class=\"elementor-heading-title elementor-size-default\">Contact<\/h1>\t\t\t\t<\/div>\n\t\t\t\t<\/div>\n\t\t\t\t\t<\/div>\n\t\t<\/div>\n\t\t\t\t\t<\/div>\n\t\t<\/section>\n\t\t\t\t<section class=\"elementor-section elementor-top-section elementor-element elementor-element-aa2a576 elementor-section-boxed elementor-section-height-default elementor-section-height-default\" data-id=\"aa2a576\" data-element_type=\"section\" data-e-type=\"section\" data-settings=\"{&quot;_ha_eqh_enable&quot;:false}\">\n\t\t\t\t\t\t<div class=\"elementor-container elementor-column-gap-default\">\n\t\t\t\t\t<div class=\"elementor-column elementor-col-50 elementor-top-column elementor-element elementor-element-390cb96\" data-id=\"390cb96\" data-element_type=\"column\" data-e-type=\"column\">\n\t\t\t<div class=\"elementor-widget-wrap elementor-element-populated\">\n\t\t\t\t\t\t<div class=\"elementor-element elementor-element-1fc2bd3 elementor-widget elementor-widget-heading\" data-id=\"1fc2bd3\" data-element_type=\"widget\" data-e-type=\"widget\" data-widget_type=\"heading.default\">\n\t\t\t\t<div class=\"elementor-widget-container\">\n\t\t\t\t\t<h2 class=\"elementor-heading-title elementor-size-default\">Secr\u00e9tariat\n<\/h2>\t\t\t\t<\/div>\n\t\t\t\t<\/div>\n\t\t\t\t<div class=\"elementor-element elementor-element-2ce999d4 elementor-widget elementor-widget-text-editor\" data-id=\"2ce999d4\" data-element_type=\"widget\" data-e-type=\"widget\" data-widget_type=\"text-editor.default\">\n\t\t\t\t<div class=\"elementor-widget-container\">\n\t\t\t\t\t\t\t\t\t<p><strong>H\u00e9l\u00e8ne Ewald-Suss<\/strong><\/p><p>Route de Grangeneuve 21<br \/>1725 Posieux<br \/><span style=\"font-size: inherit; text-align: inherit; font-family: var( --e-global-typography-text-font-family ), Sans-serif; font-style: var( --e-global-typography-text-font-style ); letter-spacing: var( --e-global-typography-text-letter-spacing ); text-transform: var( --e-global-typography-text-text-transform ); text-decoration: var( --e-global-typography-text-text-decoration );\">076 224 02 07<\/span><\/p><p>info(at)bio-fribourg.ch<\/p><p><b>Heures d&rsquo;ouverture du secr\u00e9tariat:<\/b><\/p><p><span style=\"font-size: inherit; text-align: inherit; font-family: var( --e-global-typography-text-font-family ), Sans-serif; font-style: var( --e-global-typography-text-font-style ); letter-spacing: var( --e-global-typography-text-letter-spacing ); text-transform: var( --e-global-typography-text-text-transform ); text-decoration: var( --e-global-typography-text-text-decoration );\">Ma &#8211; Je 9-12h \/ 14-16h<\/span><\/p>\t\t\t\t\t\t\t\t<\/div>\n\t\t\t\t<\/div>\n\t\t\t\t\t<\/div>\n\t\t<\/div>\n\t\t\t\t<div class=\"elementor-column elementor-col-50 elementor-top-column elementor-element elementor-element-2bcd798\" data-id=\"2bcd798\" data-element_type=\"column\" data-e-type=\"column\">\n\t\t\t<div class=\"elementor-widget-wrap elementor-element-populated\">\n\t\t\t\t\t\t<div class=\"elementor-element elementor-element-92cc7be elementor-widget elementor-widget-button\" data-id=\"92cc7be\" data-element_type=\"widget\" data-e-type=\"widget\" data-widget_type=\"button.default\">\n\t\t\t\t<div class=\"elementor-widget-container\">\n\t\t\t\t\t\t\t\t\t<div class=\"elementor-button-wrapper\">\n\t\t\t\t\t<a class=\"elementor-button elementor-button-link elementor-size-sm\" href=\"https:\/\/bio-freiburg.ch\/fr\/association\/#comite\">\n\t\t\t\t\t\t<span class=\"elementor-button-content-wrapper\">\n\t\t\t\t\t\t\t\t\t<span class=\"elementor-button-text\">Tous les contacts<\/span>\n\t\t\t\t\t<\/span>\n\t\t\t\t\t<\/a>\n\t\t\t\t<\/div>\n\t\t\t\t\t\t\t\t<\/div>\n\t\t\t\t<\/div>\n\t\t\t\t\t<\/div>\n\t\t<\/div>\n\t\t\t\t\t<\/div>\n\t\t<\/section>\n\t\t\t\t<section class=\"elementor-section elementor-top-section elementor-element elementor-element-664172ff elementor-section-full_width elementor-section-content-middle elementor-reverse-tablet elementor-reverse-mobile elementor-section-height-default elementor-section-height-default\" data-id=\"664172ff\" data-element_type=\"section\" data-e-type=\"section\" data-settings=\"{&quot;_ha_eqh_enable&quot;:false}\">\n\t\t\t\t\t\t<div class=\"elementor-container elementor-column-gap-no\">\n\t\t\t\t\t<div class=\"elementor-column elementor-col-100 elementor-top-column elementor-element elementor-element-b8be3cc\" data-id=\"b8be3cc\" data-element_type=\"column\" data-e-type=\"column\">\n\t\t\t<div class=\"elementor-widget-wrap elementor-element-populated\">\n\t\t\t\t\t\t<div class=\"elementor-element elementor-element-5b1c806b elementor-widget elementor-widget-google_maps\" data-id=\"5b1c806b\" data-element_type=\"widget\" data-e-type=\"widget\" data-widget_type=\"google_maps.default\">\n\t\t\t\t<div class=\"elementor-widget-container\">\n\t\t\t\t\t\t\t<div class=\"elementor-custom-embed\">\n\t\t\t<iframe loading=\"lazy\"\n\t\t\t\t\tsrc=\"https:\/\/maps.google.com\/maps?q=Route%20de%20Grangeneuve%2021%E2%80%A81725%20Posieux&#038;t=m&#038;z=13&#038;output=embed&#038;iwloc=near\"\n\t\t\t\t\ttitle=\"Route de Grangeneuve 21\u20281725 Posieux\"\n\t\t\t\t\taria-label=\"Route de Grangeneuve 21\u20281725 Posieux\"\n\t\t\t><\/iframe>\n\t\t<\/div>\n\t\t\t\t\t\t<\/div>\n\t\t\t\t<\/div>\n\t\t\t\t\t<\/div>\n\t\t<\/div>\n\t\t\t\t\t<\/div>\n\t\t<\/section>\n\t\t\t\t<\/div>\n\t\t","protected":false},"excerpt":{"rendered":"<p>Contact Secr\u00e9tariat H\u00e9l\u00e8ne Ewald-Suss Route de Grangeneuve 211725 Posieux076 224 02 07 info(at)bio-fribourg.ch Heures d&rsquo;ouverture du secr\u00e9tariat: Ma &#8211; Je 9-12h \/ 14-16h Tous les contacts<\/p>\n","protected":false},"author":1,"featured_media":0,"parent":0,"menu_order":0,"comment_status":"closed","ping_status":"closed","template":"elementor_header_footer","meta":{"footnotes":""},"class_list":["post-1989","page","type-page","status-publish","hentry"],"yoast_head":"<!-- This site is optimized with the Yoast SEO plugin v27.4 - https:\/\/yoast.com\/product\/yoast-seo-wordpress\/ -->\n<title>Contact Secr\u00e9tariat Bio Fribourg<\/title>\n<meta name=\"description\" content=\"Contact Bio Fribourg: Route de Grangeneuve 21, 1725 Posieux\" \/>\n<meta name=\"robots\" content=\"index, follow, max-snippet:-1, max-image-preview:large, max-video-preview:-1\" \/>\n<link rel=\"canonical\" href=\"https:\/\/bio-freiburg.ch\/fr\/contact\/\" \/>\n<meta property=\"og:locale\" content=\"fr_FR\" \/>\n<meta property=\"og:type\" content=\"article\" \/>\n<meta property=\"og:title\" content=\"Contact Secr\u00e9tariat Bio Fribourg\" \/>\n<meta property=\"og:description\" content=\"Contact Bio Fribourg: Route de Grangeneuve 21, 1725 Posieux\" \/>\n<meta property=\"og:url\" content=\"https:\/\/bio-freiburg.ch\/fr\/contact\/\" \/>\n<meta property=\"og:site_name\" content=\"Bio Freiburg\" \/>\n<meta property=\"article:publisher\" content=\"https:\/\/www.facebook.com\/biofribourg\" \/>\n<meta property=\"article:modified_time\" content=\"2026-01-29T14:36:02+00:00\" \/>\n<meta property=\"og:image\" content=\"https:\/\/bio-freiburg.ch\/wp-content\/uploads\/2022\/12\/fdlf_alpage_076.jpg\" \/>\n\t<meta property=\"og:image:width\" content=\"1800\" \/>\n\t<meta property=\"og:image:height\" content=\"1200\" \/>\n\t<meta property=\"og:image:type\" content=\"image\/jpeg\" \/>\n<meta name=\"twitter:card\" content=\"summary_large_image\" \/>\n<meta name=\"twitter:label1\" content=\"Dur\u00e9e de lecture estim\u00e9e\" \/>\n\t<meta name=\"twitter:data1\" content=\"1 minute\" \/>\n<script type=\"application\/ld+json\" class=\"yoast-schema-graph\">{\"@context\":\"https:\\\/\\\/schema.org\",\"@graph\":[{\"@type\":\"WebPage\",\"@id\":\"https:\\\/\\\/bio-freiburg.ch\\\/fr\\\/contact\\\/\",\"url\":\"https:\\\/\\\/bio-freiburg.ch\\\/fr\\\/contact\\\/\",\"name\":\"Contact Secr\u00e9tariat Bio Fribourg\",\"isPartOf\":{\"@id\":\"https:\\\/\\\/bio-freiburg.ch\\\/fr\\\/#website\"},\"datePublished\":\"2022-04-03T17:46:55+00:00\",\"dateModified\":\"2026-01-29T14:36:02+00:00\",\"description\":\"Contact Bio Fribourg: Route de Grangeneuve 21, 1725 Posieux\",\"breadcrumb\":{\"@id\":\"https:\\\/\\\/bio-freiburg.ch\\\/fr\\\/contact\\\/#breadcrumb\"},\"inLanguage\":\"fr-FR\",\"potentialAction\":[{\"@type\":\"ReadAction\",\"target\":[\"https:\\\/\\\/bio-freiburg.ch\\\/fr\\\/contact\\\/\"]}]},{\"@type\":\"BreadcrumbList\",\"@id\":\"https:\\\/\\\/bio-freiburg.ch\\\/fr\\\/contact\\\/#breadcrumb\",\"itemListElement\":[{\"@type\":\"ListItem\",\"position\":1,\"name\":\"Accueil\",\"item\":\"https:\\\/\\\/bio-freiburg.ch\\\/fr\\\/\"},{\"@type\":\"ListItem\",\"position\":2,\"name\":\"Contact\"}]},{\"@type\":\"WebSite\",\"@id\":\"https:\\\/\\\/bio-freiburg.ch\\\/fr\\\/#website\",\"url\":\"https:\\\/\\\/bio-freiburg.ch\\\/fr\\\/\",\"name\":\"Bio Freiburg\",\"description\":\"Verein der Freiburger Bio-Produzenten\",\"publisher\":{\"@id\":\"https:\\\/\\\/bio-freiburg.ch\\\/fr\\\/#organization\"},\"potentialAction\":[{\"@type\":\"SearchAction\",\"target\":{\"@type\":\"EntryPoint\",\"urlTemplate\":\"https:\\\/\\\/bio-freiburg.ch\\\/fr\\\/?s={search_term_string}\"},\"query-input\":{\"@type\":\"PropertyValueSpecification\",\"valueRequired\":true,\"valueName\":\"search_term_string\"}}],\"inLanguage\":\"fr-FR\"},{\"@type\":\"Organization\",\"@id\":\"https:\\\/\\\/bio-freiburg.ch\\\/fr\\\/#organization\",\"name\":\"BioFribourg\",\"url\":\"https:\\\/\\\/bio-freiburg.ch\\\/fr\\\/\",\"logo\":{\"@type\":\"ImageObject\",\"inLanguage\":\"fr-FR\",\"@id\":\"https:\\\/\\\/bio-freiburg.ch\\\/fr\\\/#\\\/schema\\\/logo\\\/image\\\/\",\"url\":\"https:\\\/\\\/bio-freiburg.ch\\\/wp-content\\\/uploads\\\/2023\\\/08\\\/Capture-decran-2023-08-28-a-14.31.07.png\",\"contentUrl\":\"https:\\\/\\\/bio-freiburg.ch\\\/wp-content\\\/uploads\\\/2023\\\/08\\\/Capture-decran-2023-08-28-a-14.31.07.png\",\"width\":1532,\"height\":1102,\"caption\":\"BioFribourg\"},\"image\":{\"@id\":\"https:\\\/\\\/bio-freiburg.ch\\\/fr\\\/#\\\/schema\\\/logo\\\/image\\\/\"},\"sameAs\":[\"https:\\\/\\\/www.facebook.com\\\/biofribourg\"]}]}<\/script>\n<!-- \/ Yoast SEO plugin. -->","yoast_head_json":{"title":"Contact Secr\u00e9tariat Bio Fribourg","description":"Contact Bio Fribourg: Route de Grangeneuve 21, 1725 Posieux","robots":{"index":"index","follow":"follow","max-snippet":"max-snippet:-1","max-image-preview":"max-image-preview:large","max-video-preview":"max-video-preview:-1"},"canonical":"https:\/\/bio-freiburg.ch\/fr\/contact\/","og_locale":"fr_FR","og_type":"article","og_title":"Contact Secr\u00e9tariat Bio Fribourg","og_description":"Contact Bio Fribourg: Route de Grangeneuve 21, 1725 Posieux","og_url":"https:\/\/bio-freiburg.ch\/fr\/contact\/","og_site_name":"Bio Freiburg","article_publisher":"https:\/\/www.facebook.com\/biofribourg","article_modified_time":"2026-01-29T14:36:02+00:00","og_image":[{"width":1800,"height":1200,"url":"https:\/\/bio-freiburg.ch\/wp-content\/uploads\/2022\/12\/fdlf_alpage_076.jpg","type":"image\/jpeg"}],"twitter_card":"summary_large_image","twitter_misc":{"Dur\u00e9e de lecture estim\u00e9e":"1 minute"},"schema":{"@context":"https:\/\/schema.org","@graph":[{"@type":"WebPage","@id":"https:\/\/bio-freiburg.ch\/fr\/contact\/","url":"https:\/\/bio-freiburg.ch\/fr\/contact\/","name":"Contact Secr\u00e9tariat Bio Fribourg","isPartOf":{"@id":"https:\/\/bio-freiburg.ch\/fr\/#website"},"datePublished":"2022-04-03T17:46:55+00:00","dateModified":"2026-01-29T14:36:02+00:00","description":"Contact Bio Fribourg: Route de Grangeneuve 21, 1725 Posieux","breadcrumb":{"@id":"https:\/\/bio-freiburg.ch\/fr\/contact\/#breadcrumb"},"inLanguage":"fr-FR","potentialAction":[{"@type":"ReadAction","target":["https:\/\/bio-freiburg.ch\/fr\/contact\/"]}]},{"@type":"BreadcrumbList","@id":"https:\/\/bio-freiburg.ch\/fr\/contact\/#breadcrumb","itemListElement":[{"@type":"ListItem","position":1,"name":"Accueil","item":"https:\/\/bio-freiburg.ch\/fr\/"},{"@type":"ListItem","position":2,"name":"Contact"}]},{"@type":"WebSite","@id":"https:\/\/bio-freiburg.ch\/fr\/#website","url":"https:\/\/bio-freiburg.ch\/fr\/","name":"Bio Freiburg","description":"Verein der Freiburger Bio-Produzenten","publisher":{"@id":"https:\/\/bio-freiburg.ch\/fr\/#organization"},"potentialAction":[{"@type":"SearchAction","target":{"@type":"EntryPoint","urlTemplate":"https:\/\/bio-freiburg.ch\/fr\/?s={search_term_string}"},"query-input":{"@type":"PropertyValueSpecification","valueRequired":true,"valueName":"search_term_string"}}],"inLanguage":"fr-FR"},{"@type":"Organization","@id":"https:\/\/bio-freiburg.ch\/fr\/#organization","name":"BioFribourg","url":"https:\/\/bio-freiburg.ch\/fr\/","logo":{"@type":"ImageObject","inLanguage":"fr-FR","@id":"https:\/\/bio-freiburg.ch\/fr\/#\/schema\/logo\/image\/","url":"https:\/\/bio-freiburg.ch\/wp-content\/uploads\/2023\/08\/Capture-decran-2023-08-28-a-14.31.07.png","contentUrl":"https:\/\/bio-freiburg.ch\/wp-content\/uploads\/2023\/08\/Capture-decran-2023-08-28-a-14.31.07.png","width":1532,"height":1102,"caption":"BioFribourg"},"image":{"@id":"https:\/\/bio-freiburg.ch\/fr\/#\/schema\/logo\/image\/"},"sameAs":["https:\/\/www.facebook.com\/biofribourg"]}]}},"_links":{"self":[{"href":"https:\/\/bio-freiburg.ch\/fr\/wp-json\/wp\/v2\/pages\/1989","targetHints":{"allow":["GET"]}}],"collection":[{"href":"https:\/\/bio-freiburg.ch\/fr\/wp-json\/wp\/v2\/pages"}],"about":[{"href":"https:\/\/bio-freiburg.ch\/fr\/wp-json\/wp\/v2\/types\/page"}],"author":[{"embeddable":true,"href":"https:\/\/bio-freiburg.ch\/fr\/wp-json\/wp\/v2\/users\/1"}],"replies":[{"embeddable":true,"href":"https:\/\/bio-freiburg.ch\/fr\/wp-json\/wp\/v2\/comments?post=1989"}],"version-history":[{"count":33,"href":"https:\/\/bio-freiburg.ch\/fr\/wp-json\/wp\/v2\/pages\/1989\/revisions"}],"predecessor-version":[{"id":5777,"href":"https:\/\/bio-freiburg.ch\/fr\/wp-json\/wp\/v2\/pages\/1989\/revisions\/5777"}],"wp:attachment":[{"href":"https:\/\/bio-freiburg.ch\/fr\/wp-json\/wp\/v2\/media?parent=1989"}],"curies":[{"name":"wp","href":"https:\/\/api.w.org\/{rel}","templated":true}]}}