{"id":2980,"date":"2022-02-14T11:58:05","date_gmt":"2022-02-14T10:58:05","guid":{"rendered":"https:\/\/www.bio-freiburg.ch\/?page_id=2980"},"modified":"2022-12-30T13:34:15","modified_gmt":"2022-12-30T12:34:15","slug":"impressum","status":"publish","type":"page","link":"https:\/\/bio-freiburg.ch\/fr\/impressum\/","title":{"rendered":"Politique de confidentialit\u00e9"},"content":{"rendered":"\t\t<div data-elementor-type=\"wp-page\" data-elementor-id=\"2980\" class=\"elementor elementor-2980 elementor-3\" data-elementor-settings=\"{&quot;ha_cmc_init_switcher&quot;:&quot;no&quot;}\" data-elementor-post-type=\"page\">\n\t\t\t\t\t\t<section class=\"elementor-section elementor-top-section elementor-element elementor-element-18392274 elementor-section-boxed elementor-section-height-default elementor-section-height-default\" data-id=\"18392274\" data-element_type=\"section\" data-e-type=\"section\" data-settings=\"{&quot;_ha_eqh_enable&quot;:false}\">\n\t\t\t\t\t\t<div class=\"elementor-container elementor-column-gap-default\">\n\t\t\t\t\t<div class=\"elementor-column elementor-col-100 elementor-top-column elementor-element elementor-element-1813632a\" data-id=\"1813632a\" data-element_type=\"column\" data-e-type=\"column\">\n\t\t\t<div class=\"elementor-widget-wrap elementor-element-populated\">\n\t\t\t\t\t\t<div class=\"elementor-element elementor-element-3cd61435 elementor-widget elementor-widget-text-editor\" data-id=\"3cd61435\" data-element_type=\"widget\" data-e-type=\"widget\" data-widget_type=\"text-editor.default\">\n\t\t\t\t<div class=\"elementor-widget-container\">\n\t\t\t\t\t\t\t\t\t<p><\/p><h2>Qui sommes-nous\u00a0?<\/h2><p><\/p><p>Si vous souhaitez en savoir plus sur la mani\u00e8re dont nous traitons les donn\u00e9es personnelles ou pour toute demande particuli\u00e8re, contactez-nous :<\/p><p>Bio Fribourg \/ Bio Freiburg<br \/><span style=\"font-size: inherit; text-align: inherit; font-family: var( --e-global-typography-text-font-family ), Sans-serif; font-style: var( --e-global-typography-text-font-style ); letter-spacing: var( --e-global-typography-text-letter-spacing ); text-transform: var( --e-global-typography-text-text-transform ); text-decoration: var( --e-global-typography-text-text-decoration );\">Secr\u00e9tariat<br \/><\/span>Route de Grangeneuve 21<br \/>1725 Posieux<\/p><p><a href=\"mailto:info@bio-fribourg.ch\">info@bio-fribourg.ch<\/a> \/ <a href=\"mailto:info@bio-freiburg.ch\">info@bio-freiburg.ch<\/a><\/p><p><\/p><h2>Responsabilit\u00e9<\/h2><p><\/p><p>Malgr\u00e9 l\u2019attention port\u00e9e \u00e0 la justesse des informations diffus\u00e9es sur ce site, l\u2019association Bio Fribourg ne peut endosser aucune responsabilit\u00e9 quant \u00e0 la fid\u00e9lit\u00e9, \u00e0 l\u2019actualit\u00e9 et \u00e0 l\u2019int\u00e9gralit\u00e9 de ces informations.<\/p><p>L\u2019association Bio Fribourg se r\u00e9serve express\u00e9ment le droit de modifier en partie ou en totalit\u00e9 le contenu de ce site, de le supprimer ou d\u2019en suspendre la diffusion, et ce \u00e0 tout moment et sans avertissement pr\u00e9alable.<\/p><p><\/p><h2>Droit d\u2019acc\u00e8s et de rectification<\/h2><p>Conform\u00e9ment \u00e0 la loi f\u00e9d\u00e9rale sur la protection des donn\u00e9es, vous disposez d\u2019un droit d\u2019information, d\u2019opposition, d\u2019acc\u00e8s, de rectification et de suppression des donn\u00e9es vous concernant.<\/p><p>Ce droit pourra s\u2019exercer \u00e0 l\u2019adresse suivante <a href=\"mailto:info@bio-fribourg.ch\">info@bio-fribourg.ch<\/a><\/p><h2 style=\"text-align: left;\">Contenu embarqu\u00e9 depuis d\u2019autres sites<\/h2><p style=\"font-size: 18px; text-align: left;\">Les articles de ce site peuvent inclure des contenus int\u00e9gr\u00e9s (par exemple des vid\u00e9os, images, articles\u2026). Le contenu int\u00e9gr\u00e9 depuis d\u2019autres sites se comporte de la m\u00eame mani\u00e8re que si le visiteur se rendait sur cet autre site.<br \/><span style=\"font-size: 18px; font-family: var( --e-global-typography-text-font-family ), Sans-serif; font-style: var( --e-global-typography-text-font-style ); letter-spacing: var( --e-global-typography-text-letter-spacing ); text-transform: var( --e-global-typography-text-text-transform ); text-decoration: var( --e-global-typography-text-text-decoration );\">Ces sites web pourraient collecter des donn\u00e9es sur vous, utiliser des cookies, embarquer des outils de suivis tiers, suivre vos interactions avec ces contenus embarqu\u00e9s si vous disposez d\u2019un compte connect\u00e9 sur leur site web.<\/span><\/p><h2>Droit d\u2019auteur<\/h2><p><\/p><p><strong>Les droits d\u2019auteur et tous les autres droits concernant le contenu, les images, les photos ou autres fichiers du site appartiennent exclusivement \u00e0 l\u2019association Bio Fribourg ou aux d\u00e9tenteurs de droits sp\u00e9cifiquement nomm\u00e9s. Le consentement \u00e9crit des d\u00e9tenteurs de droits d\u2019auteur doit \u00eatre obtenu au pr\u00e9alable pour la reproduction de tout \u00e9l\u00e9ment.\u00a0<\/strong><\/p><p><\/p><h2>Utilisation des donn\u00e9es personnelles<\/h2><p>Nous collectons vos donn\u00e9es de deux mani\u00e8res. D\u2019une part, lorsque vous les indiquez volontairement. Par exemple en utilisant un formulaire de contact. D\u2019autre part, nous collectons automatiquement les donn\u00e9es suivantes : l\u2019adresse IP, la date, l\u2019heure, la num\u00e9rotation du logiciel de navigation ainsi que des informations g\u00e9n\u00e9ralement transmises sur le syst\u00e8me d\u2019exploitation, respectivement sur le logiciel de navigation. Nous pourrions \u00eatre tenu de transmettre ces donn\u00e9es \u00e0 des tiers en cas d\u2019ex\u00e9cution d\u2019une obligation l\u00e9gale, notamment en application de la loi f\u00e9d\u00e9rale sur la surveillance de la correspondance par poste et t\u00e9l\u00e9communication (LSCPT) et de ses ordonnances d\u2019ex\u00e9cution.<\/p><p>Nous n\u2019utilisons vos donn\u00e9es que pour l\u2019ex\u00e9cution de vos demandes, pour notre service client\u00e8le, l\u2019administration technique et \u00e0 des fins d\u2019\u00e9valuations statistiques anonymis\u00e9es, servant \u00e0 am\u00e9liorer nos offres et la qualit\u00e9 de notre site.<\/p><p><\/p>\t\t\t\t\t\t\t\t<\/div>\n\t\t\t\t<\/div>\n\t\t\t\t\t<\/div>\n\t\t<\/div>\n\t\t\t\t\t<\/div>\n\t\t<\/section>\n\t\t\t\t<\/div>\n\t\t","protected":false},"excerpt":{"rendered":"<p>Qui sommes-nous\u00a0? Si vous souhaitez en savoir plus sur la mani\u00e8re dont nous traitons les donn\u00e9es personnelles ou pour toute demande particuli\u00e8re, contactez-nous : Bio Fribourg \/ Bio FreiburgSecr\u00e9tariatRoute de Grangeneuve 211725 Posieux info@bio-fribourg.ch \/ info@bio-freiburg.ch Responsabilit\u00e9 Malgr\u00e9 l\u2019attention port\u00e9e \u00e0 la justesse des informations diffus\u00e9es sur ce site, l\u2019association Bio Fribourg ne peut endosser [&hellip;]<\/p>\n","protected":false},"author":1,"featured_media":0,"parent":0,"menu_order":0,"comment_status":"closed","ping_status":"closed","template":"","meta":{"footnotes":""},"class_list":["post-2980","page","type-page","status-publish","hentry"],"yoast_head":"<!-- This site is optimized with the Yoast SEO plugin v27.4 - https:\/\/yoast.com\/product\/yoast-seo-wordpress\/ -->\n<title>Politique de confidentialit\u00e9 - Bio Freiburg<\/title>\n<meta name=\"robots\" content=\"index, follow, max-snippet:-1, max-image-preview:large, max-video-preview:-1\" \/>\n<link rel=\"canonical\" href=\"https:\/\/bio-freiburg.ch\/fr\/impressum\/\" \/>\n<meta property=\"og:locale\" content=\"fr_FR\" \/>\n<meta property=\"og:type\" content=\"article\" \/>\n<meta property=\"og:title\" content=\"Politique de confidentialit\u00e9 - Bio Freiburg\" \/>\n<meta property=\"og:description\" content=\"Qui sommes-nous\u00a0? Si vous souhaitez en savoir plus sur la mani\u00e8re dont nous traitons les donn\u00e9es personnelles ou pour toute demande particuli\u00e8re, contactez-nous : Bio Fribourg \/ Bio FreiburgSecr\u00e9tariatRoute de Grangeneuve 211725 Posieux info@bio-fribourg.ch \/ info@bio-freiburg.ch Responsabilit\u00e9 Malgr\u00e9 l\u2019attention port\u00e9e \u00e0 la justesse des informations diffus\u00e9es sur ce site, l\u2019association Bio Fribourg ne peut endosser [&hellip;]\" \/>\n<meta property=\"og:url\" content=\"https:\/\/bio-freiburg.ch\/fr\/impressum\/\" \/>\n<meta property=\"og:site_name\" content=\"Bio Freiburg\" \/>\n<meta property=\"article:publisher\" content=\"https:\/\/www.facebook.com\/biofribourg\" \/>\n<meta property=\"article:modified_time\" content=\"2022-12-30T12:34:15+00:00\" \/>\n<meta property=\"og:image\" content=\"https:\/\/bio-freiburg.ch\/wp-content\/uploads\/2022\/12\/fdlf_alpage_076.jpg\" \/>\n\t<meta property=\"og:image:width\" content=\"1800\" \/>\n\t<meta property=\"og:image:height\" content=\"1200\" \/>\n\t<meta property=\"og:image:type\" content=\"image\/jpeg\" \/>\n<meta name=\"twitter:card\" content=\"summary_large_image\" \/>\n<meta name=\"twitter:label1\" content=\"Dur\u00e9e de lecture estim\u00e9e\" \/>\n\t<meta name=\"twitter:data1\" content=\"3 minutes\" \/>\n<script type=\"application\/ld+json\" class=\"yoast-schema-graph\">{\"@context\":\"https:\\\/\\\/schema.org\",\"@graph\":[{\"@type\":\"WebPage\",\"@id\":\"https:\\\/\\\/bio-freiburg.ch\\\/fr\\\/impressum\\\/\",\"url\":\"https:\\\/\\\/bio-freiburg.ch\\\/fr\\\/impressum\\\/\",\"name\":\"Politique de confidentialit\u00e9 - Bio Freiburg\",\"isPartOf\":{\"@id\":\"https:\\\/\\\/bio-freiburg.ch\\\/fr\\\/#website\"},\"datePublished\":\"2022-02-14T10:58:05+00:00\",\"dateModified\":\"2022-12-30T12:34:15+00:00\",\"breadcrumb\":{\"@id\":\"https:\\\/\\\/bio-freiburg.ch\\\/fr\\\/impressum\\\/#breadcrumb\"},\"inLanguage\":\"fr-FR\",\"potentialAction\":[{\"@type\":\"ReadAction\",\"target\":[\"https:\\\/\\\/bio-freiburg.ch\\\/fr\\\/impressum\\\/\"]}]},{\"@type\":\"BreadcrumbList\",\"@id\":\"https:\\\/\\\/bio-freiburg.ch\\\/fr\\\/impressum\\\/#breadcrumb\",\"itemListElement\":[{\"@type\":\"ListItem\",\"position\":1,\"name\":\"Accueil\",\"item\":\"https:\\\/\\\/bio-freiburg.ch\\\/fr\\\/\"},{\"@type\":\"ListItem\",\"position\":2,\"name\":\"Politique de confidentialit\u00e9\"}]},{\"@type\":\"WebSite\",\"@id\":\"https:\\\/\\\/bio-freiburg.ch\\\/fr\\\/#website\",\"url\":\"https:\\\/\\\/bio-freiburg.ch\\\/fr\\\/\",\"name\":\"Bio Freiburg\",\"description\":\"Verein der Freiburger Bio-Produzenten\",\"publisher\":{\"@id\":\"https:\\\/\\\/bio-freiburg.ch\\\/fr\\\/#organization\"},\"potentialAction\":[{\"@type\":\"SearchAction\",\"target\":{\"@type\":\"EntryPoint\",\"urlTemplate\":\"https:\\\/\\\/bio-freiburg.ch\\\/fr\\\/?s={search_term_string}\"},\"query-input\":{\"@type\":\"PropertyValueSpecification\",\"valueRequired\":true,\"valueName\":\"search_term_string\"}}],\"inLanguage\":\"fr-FR\"},{\"@type\":\"Organization\",\"@id\":\"https:\\\/\\\/bio-freiburg.ch\\\/fr\\\/#organization\",\"name\":\"BioFribourg\",\"url\":\"https:\\\/\\\/bio-freiburg.ch\\\/fr\\\/\",\"logo\":{\"@type\":\"ImageObject\",\"inLanguage\":\"fr-FR\",\"@id\":\"https:\\\/\\\/bio-freiburg.ch\\\/fr\\\/#\\\/schema\\\/logo\\\/image\\\/\",\"url\":\"https:\\\/\\\/bio-freiburg.ch\\\/wp-content\\\/uploads\\\/2023\\\/08\\\/Capture-decran-2023-08-28-a-14.31.07.png\",\"contentUrl\":\"https:\\\/\\\/bio-freiburg.ch\\\/wp-content\\\/uploads\\\/2023\\\/08\\\/Capture-decran-2023-08-28-a-14.31.07.png\",\"width\":1532,\"height\":1102,\"caption\":\"BioFribourg\"},\"image\":{\"@id\":\"https:\\\/\\\/bio-freiburg.ch\\\/fr\\\/#\\\/schema\\\/logo\\\/image\\\/\"},\"sameAs\":[\"https:\\\/\\\/www.facebook.com\\\/biofribourg\"]}]}<\/script>\n<!-- \/ Yoast SEO plugin. -->","yoast_head_json":{"title":"Politique de confidentialit\u00e9 - Bio Freiburg","robots":{"index":"index","follow":"follow","max-snippet":"max-snippet:-1","max-image-preview":"max-image-preview:large","max-video-preview":"max-video-preview:-1"},"canonical":"https:\/\/bio-freiburg.ch\/fr\/impressum\/","og_locale":"fr_FR","og_type":"article","og_title":"Politique de confidentialit\u00e9 - Bio Freiburg","og_description":"Qui sommes-nous\u00a0? Si vous souhaitez en savoir plus sur la mani\u00e8re dont nous traitons les donn\u00e9es personnelles ou pour toute demande particuli\u00e8re, contactez-nous : Bio Fribourg \/ Bio FreiburgSecr\u00e9tariatRoute de Grangeneuve 211725 Posieux info@bio-fribourg.ch \/ info@bio-freiburg.ch Responsabilit\u00e9 Malgr\u00e9 l\u2019attention port\u00e9e \u00e0 la justesse des informations diffus\u00e9es sur ce site, l\u2019association Bio Fribourg ne peut endosser [&hellip;]","og_url":"https:\/\/bio-freiburg.ch\/fr\/impressum\/","og_site_name":"Bio Freiburg","article_publisher":"https:\/\/www.facebook.com\/biofribourg","article_modified_time":"2022-12-30T12:34:15+00:00","og_image":[{"width":1800,"height":1200,"url":"https:\/\/bio-freiburg.ch\/wp-content\/uploads\/2022\/12\/fdlf_alpage_076.jpg","type":"image\/jpeg"}],"twitter_card":"summary_large_image","twitter_misc":{"Dur\u00e9e de lecture estim\u00e9e":"3 minutes"},"schema":{"@context":"https:\/\/schema.org","@graph":[{"@type":"WebPage","@id":"https:\/\/bio-freiburg.ch\/fr\/impressum\/","url":"https:\/\/bio-freiburg.ch\/fr\/impressum\/","name":"Politique de confidentialit\u00e9 - Bio Freiburg","isPartOf":{"@id":"https:\/\/bio-freiburg.ch\/fr\/#website"},"datePublished":"2022-02-14T10:58:05+00:00","dateModified":"2022-12-30T12:34:15+00:00","breadcrumb":{"@id":"https:\/\/bio-freiburg.ch\/fr\/impressum\/#breadcrumb"},"inLanguage":"fr-FR","potentialAction":[{"@type":"ReadAction","target":["https:\/\/bio-freiburg.ch\/fr\/impressum\/"]}]},{"@type":"BreadcrumbList","@id":"https:\/\/bio-freiburg.ch\/fr\/impressum\/#breadcrumb","itemListElement":[{"@type":"ListItem","position":1,"name":"Accueil","item":"https:\/\/bio-freiburg.ch\/fr\/"},{"@type":"ListItem","position":2,"name":"Politique de confidentialit\u00e9"}]},{"@type":"WebSite","@id":"https:\/\/bio-freiburg.ch\/fr\/#website","url":"https:\/\/bio-freiburg.ch\/fr\/","name":"Bio Freiburg","description":"Verein der Freiburger Bio-Produzenten","publisher":{"@id":"https:\/\/bio-freiburg.ch\/fr\/#organization"},"potentialAction":[{"@type":"SearchAction","target":{"@type":"EntryPoint","urlTemplate":"https:\/\/bio-freiburg.ch\/fr\/?s={search_term_string}"},"query-input":{"@type":"PropertyValueSpecification","valueRequired":true,"valueName":"search_term_string"}}],"inLanguage":"fr-FR"},{"@type":"Organization","@id":"https:\/\/bio-freiburg.ch\/fr\/#organization","name":"BioFribourg","url":"https:\/\/bio-freiburg.ch\/fr\/","logo":{"@type":"ImageObject","inLanguage":"fr-FR","@id":"https:\/\/bio-freiburg.ch\/fr\/#\/schema\/logo\/image\/","url":"https:\/\/bio-freiburg.ch\/wp-content\/uploads\/2023\/08\/Capture-decran-2023-08-28-a-14.31.07.png","contentUrl":"https:\/\/bio-freiburg.ch\/wp-content\/uploads\/2023\/08\/Capture-decran-2023-08-28-a-14.31.07.png","width":1532,"height":1102,"caption":"BioFribourg"},"image":{"@id":"https:\/\/bio-freiburg.ch\/fr\/#\/schema\/logo\/image\/"},"sameAs":["https:\/\/www.facebook.com\/biofribourg"]}]}},"_links":{"self":[{"href":"https:\/\/bio-freiburg.ch\/fr\/wp-json\/wp\/v2\/pages\/2980","targetHints":{"allow":["GET"]}}],"collection":[{"href":"https:\/\/bio-freiburg.ch\/fr\/wp-json\/wp\/v2\/pages"}],"about":[{"href":"https:\/\/bio-freiburg.ch\/fr\/wp-json\/wp\/v2\/types\/page"}],"author":[{"embeddable":true,"href":"https:\/\/bio-freiburg.ch\/fr\/wp-json\/wp\/v2\/users\/1"}],"replies":[{"embeddable":true,"href":"https:\/\/bio-freiburg.ch\/fr\/wp-json\/wp\/v2\/comments?post=2980"}],"version-history":[{"count":6,"href":"https:\/\/bio-freiburg.ch\/fr\/wp-json\/wp\/v2\/pages\/2980\/revisions"}],"predecessor-version":[{"id":5133,"href":"https:\/\/bio-freiburg.ch\/fr\/wp-json\/wp\/v2\/pages\/2980\/revisions\/5133"}],"wp:attachment":[{"href":"https:\/\/bio-freiburg.ch\/fr\/wp-json\/wp\/v2\/media?parent=2980"}],"curies":[{"name":"wp","href":"https:\/\/api.w.org\/{rel}","templated":true}]}}