{"id":4499,"date":"2022-12-23T09:19:44","date_gmt":"2022-12-23T08:19:44","guid":{"rendered":"https:\/\/bio-freiburg.ch\/?page_id=4499"},"modified":"2026-01-29T15:23:19","modified_gmt":"2026-01-29T14:23:19","slug":"agenda","status":"publish","type":"page","link":"https:\/\/bio-freiburg.ch\/fr\/agenda\/","title":{"rendered":"Agenda"},"content":{"rendered":"\t\t<div data-elementor-type=\"wp-page\" data-elementor-id=\"4499\" class=\"elementor elementor-4499\" data-elementor-settings=\"{&quot;ha_cmc_init_switcher&quot;:&quot;no&quot;}\" data-elementor-post-type=\"page\">\n\t\t\t\t\t\t<section class=\"elementor-section elementor-top-section elementor-element elementor-element-1c146f4 elementor-section-height-min-height elementor-section-items-bottom elementor-section-boxed elementor-section-height-default\" data-id=\"1c146f4\" data-element_type=\"section\" data-e-type=\"section\" data-settings=\"{&quot;background_background&quot;:&quot;classic&quot;,&quot;background_motion_fx_motion_fx_scrolling&quot;:&quot;yes&quot;,&quot;background_motion_fx_translateY_effect&quot;:&quot;yes&quot;,&quot;background_motion_fx_translateY_speed&quot;:{&quot;unit&quot;:&quot;px&quot;,&quot;size&quot;:4,&quot;sizes&quot;:[]},&quot;background_motion_fx_translateY_affectedRange&quot;:{&quot;unit&quot;:&quot;%&quot;,&quot;size&quot;:&quot;&quot;,&quot;sizes&quot;:{&quot;start&quot;:0,&quot;end&quot;:100}},&quot;background_motion_fx_devices&quot;:[&quot;desktop&quot;,&quot;tablet&quot;,&quot;mobile&quot;],&quot;_ha_eqh_enable&quot;:false}\">\n\t\t\t\t\t\t<div class=\"elementor-container elementor-column-gap-default\">\n\t\t\t\t\t<div class=\"elementor-column elementor-col-100 elementor-top-column elementor-element elementor-element-2bc80e2\" data-id=\"2bc80e2\" data-element_type=\"column\" data-e-type=\"column\">\n\t\t\t<div class=\"elementor-widget-wrap\">\n\t\t\t\t\t\t\t<\/div>\n\t\t<\/div>\n\t\t\t\t\t<\/div>\n\t\t<\/section>\n\t\t\t\t<section class=\"elementor-section elementor-top-section elementor-element elementor-element-bd9733d elementor-section-boxed elementor-section-height-default elementor-section-height-default\" data-id=\"bd9733d\" data-element_type=\"section\" data-e-type=\"section\" data-settings=\"{&quot;_ha_eqh_enable&quot;:false}\">\n\t\t\t\t\t\t<div class=\"elementor-container elementor-column-gap-wider\">\n\t\t\t\t\t<div class=\"elementor-column elementor-col-100 elementor-top-column elementor-element elementor-element-bfc2c2c\" data-id=\"bfc2c2c\" data-element_type=\"column\" data-e-type=\"column\">\n\t\t\t<div class=\"elementor-widget-wrap elementor-element-populated\">\n\t\t\t\t\t\t<div class=\"elementor-element elementor-element-534a94e elementor-widget elementor-widget-heading\" data-id=\"534a94e\" data-element_type=\"widget\" data-e-type=\"widget\" data-widget_type=\"heading.default\">\n\t\t\t\t<div class=\"elementor-widget-container\">\n\t\t\t\t\t<h1 class=\"elementor-heading-title elementor-size-default\">Agenda<\/h1>\t\t\t\t<\/div>\n\t\t\t\t<\/div>\n\t\t\t\t<div class=\"elementor-element elementor-element-9104260 ha-card--left ha-card--tablet-top ha-card--mobile-top elementor-widget elementor-widget-ha-card happy-addon ha-card\" data-id=\"9104260\" data-element_type=\"widget\" data-e-type=\"widget\" data-widget_type=\"ha-card.default\">\n\t\t\t\t<div class=\"elementor-widget-container\">\n\t\t\t\t\t\n\t\t\t\t\t<figure class=\"ha-card-figure\">\n\t\t\t\t<img decoding=\"async\" src=\"https:\/\/bio-freiburg.ch\/wp-content\/uploads\/2022\/04\/DSC_1624.jpg\" title=\"c\u00e9r\u00e9ales fribourg\" alt=\"c\u00e9r\u00e9ales fribourg\" loading=\"lazy\" \/>\t\t\t\t\t\t\t<\/figure>\n\t\t\n\t\t<div class=\"ha-card-body\">\n\n\t\t\t<h2 class=\"ha-card-title\">Assembl\u00e9e g\u00e9n\u00e9rale BioFribourg<\/h2>\n\t\t\t\t\t\t\t<div class=\"ha-card-text\">\n\t\t\t\t\t<p>12 mars 2026<\/p>\n\t\t\t\t<\/div>\n\t\t\t\n\t\t\t\t\t<\/div>\n\t\t\t\t\t\t<\/div>\n\t\t\t\t<\/div>\n\t\t\t\t<div class=\"elementor-element elementor-element-9b4d412 ha-card--left ha-card--tablet-top ha-card--mobile-top elementor-widget elementor-widget-ha-card happy-addon ha-card\" data-id=\"9b4d412\" data-element_type=\"widget\" data-e-type=\"widget\" data-widget_type=\"ha-card.default\">\n\t\t\t\t<div class=\"elementor-widget-container\">\n\t\t\t\t\t\n\t\t\t\t\t<figure class=\"ha-card-figure\">\n\t\t\t\t<img decoding=\"async\" src=\"https:\/\/bio-freiburg.ch\/wp-content\/uploads\/2026\/01\/FoireBioAgriMoudon-scaled.jpg\" title=\"FoireBioAgriMoudon\" alt=\"FoireBioAgriMoudon\" loading=\"lazy\" \/>\t\t\t\t\t\t\t<\/figure>\n\t\t\n\t\t<div class=\"ha-card-body\">\n\n\t\t\t<h2 class=\"ha-card-title\">Foire BioAgri<\/h2>\n\t\t\t\t\t\t\t<div class=\"ha-card-text\">\n\t\t\t\t\t<p>Moudon<br \/>\n9-10 mai 2026<\/p>\n\t\t\t\t<\/div>\n\t\t\t\n\t\t\t<a class=\"ha-btn\" href=\"https:\/\/www.bioagri.ch\" target=\"_blank\"><span class=\"ha-btn-text\">bioagri.ch<\/span><\/a>\t\t<\/div>\n\t\t\t\t\t\t<\/div>\n\t\t\t\t<\/div>\n\t\t\t\t<div class=\"elementor-element elementor-element-d7f3349 ha-card--left ha-card--tablet-top ha-card--mobile-top elementor-widget elementor-widget-ha-card happy-addon ha-card\" data-id=\"d7f3349\" data-element_type=\"widget\" data-e-type=\"widget\" data-widget_type=\"ha-card.default\">\n\t\t\t\t<div class=\"elementor-widget-container\">\n\t\t\t\t\t\n\t\t\t\t\t<figure class=\"ha-card-figure\">\n\t\t\t\t<img decoding=\"async\" src=\"https:\/\/bio-freiburg.ch\/wp-content\/uploads\/2026\/01\/Capture-decran-2026-01-29-a-15.21.21.png\" title=\"Capture d\u2019\u00e9cran 2026-01-29 \u00e0 15.21.21\" alt=\"Capture d\u2019\u00e9cran 2026-01-29 \u00e0 15.21.21\" loading=\"lazy\" \/>\t\t\t\t\t\t\t<\/figure>\n\t\t\n\t\t<div class=\"ha-card-body\">\n\n\t\t\t<h2 class=\"ha-card-title\">Journ\u00e9e des l\u00e9gumes<\/h2>\n\t\t\t\t\t\t\t<div class=\"ha-card-text\">\n\t\t\t\t\t<p>Seeland<br \/>\n25 mai 2026<\/p>\n\t\t\t\t<\/div>\n\t\t\t\n\t\t\t<a class=\"ha-btn\" href=\"https:\/\/www.biogmuestag.ch\" target=\"_blank\"><span class=\"ha-btn-text\">biogmuestag.ch<\/span><\/a>\t\t<\/div>\n\t\t\t\t\t\t<\/div>\n\t\t\t\t<\/div>\n\t\t\t\t<div class=\"elementor-element elementor-element-90b0285 ha-card--left ha-card--tablet-top ha-card--mobile-top elementor-widget elementor-widget-ha-card happy-addon ha-card\" data-id=\"90b0285\" data-element_type=\"widget\" data-e-type=\"widget\" data-widget_type=\"ha-card.default\">\n\t\t\t\t<div class=\"elementor-widget-container\">\n\t\t\t\t\t\n\t\t\t\t\t<figure class=\"ha-card-figure\">\n\t\t\t\t<img fetchpriority=\"high\" decoding=\"async\" width=\"580\" height=\"678\" src=\"https:\/\/bio-freiburg.ch\/wp-content\/uploads\/2025\/04\/Capture-decran-2025-04-28-a-19.44.00.png\" class=\"attachment-large size-large wp-image-5561\" alt=\"March\u00e9 Bio Bulle 2025\" srcset=\"https:\/\/bio-freiburg.ch\/wp-content\/uploads\/2025\/04\/Capture-decran-2025-04-28-a-19.44.00.png 772w, https:\/\/bio-freiburg.ch\/wp-content\/uploads\/2025\/04\/Capture-decran-2025-04-28-a-19.44.00-257x300.png 257w, https:\/\/bio-freiburg.ch\/wp-content\/uploads\/2025\/04\/Capture-decran-2025-04-28-a-19.44.00-768x897.png 768w\" sizes=\"(max-width: 580px) 100vw, 580px\" \/>\t\t\t\t\t\t\t<\/figure>\n\t\t\n\t\t<div class=\"ha-card-body\">\n\n\t\t\t<h2 class=\"ha-card-title\">March\u00e9 bio de Bulle<\/h2>\n\t\t\t\t\t\t\t<div class=\"ha-card-text\">\n\t\t\t\t\t<p>Dimanche 7 juin 2026<br><a href=\"https:\/\/marchebio-fribourg.ch\">Site du march\u00e9 bio<\/a><br><\/p>\n\t\t\t\t<\/div>\n\t\t\t\n\t\t\t\t\t<\/div>\n\t\t\t\t\t\t<\/div>\n\t\t\t\t<\/div>\n\t\t\t\t<div class=\"elementor-element elementor-element-32f2735 ha-card--left ha-card--tablet-top ha-card--mobile-top elementor-widget elementor-widget-ha-card happy-addon ha-card\" data-id=\"32f2735\" data-element_type=\"widget\" data-e-type=\"widget\" data-widget_type=\"ha-card.default\">\n\t\t\t\t<div class=\"elementor-widget-container\">\n\t\t\t\t\t\n\t\t\t\t\t<figure class=\"ha-card-figure\">\n\t\t\t\t<img decoding=\"async\" width=\"580\" height=\"387\" src=\"https:\/\/bio-freiburg.ch\/wp-content\/uploads\/2022\/12\/fdlf_pommes_001-1024x683.jpg\" class=\"attachment-large size-large wp-image-4303\" alt=\"pommes bio fribourg\" srcset=\"https:\/\/bio-freiburg.ch\/wp-content\/uploads\/2022\/12\/fdlf_pommes_001-1024x683.jpg 1024w, https:\/\/bio-freiburg.ch\/wp-content\/uploads\/2022\/12\/fdlf_pommes_001-300x200.jpg 300w, https:\/\/bio-freiburg.ch\/wp-content\/uploads\/2022\/12\/fdlf_pommes_001-768x512.jpg 768w, https:\/\/bio-freiburg.ch\/wp-content\/uploads\/2022\/12\/fdlf_pommes_001-1536x1024.jpg 1536w, https:\/\/bio-freiburg.ch\/wp-content\/uploads\/2022\/12\/fdlf_pommes_001-1200x800.jpg 1200w, https:\/\/bio-freiburg.ch\/wp-content\/uploads\/2022\/12\/fdlf_pommes_001.jpg 1800w\" sizes=\"(max-width: 580px) 100vw, 580px\" \/>\t\t\t\t\t\t\t<\/figure>\n\t\t\n\t\t<div class=\"ha-card-body\">\n\n\t\t\t<h2 class=\"ha-card-title\">Notre Panier qui roule<\/h2>\n\t\t\t\t\t\t\t<div class=\"ha-card-text\">\n\t\t\t\t\t<p>30 ao\u00fbt 2026<\/p>\n\t\t\t\t<\/div>\n\t\t\t\n\t\t\t\t\t<\/div>\n\t\t\t\t\t\t<\/div>\n\t\t\t\t<\/div>\n\t\t\t\t<div class=\"elementor-element elementor-element-ce77427 ha-card--left ha-card--tablet-top ha-card--mobile-top elementor-widget elementor-widget-ha-card happy-addon ha-card\" data-id=\"ce77427\" data-element_type=\"widget\" data-e-type=\"widget\" data-widget_type=\"ha-card.default\">\n\t\t\t\t<div class=\"elementor-widget-container\">\n\t\t\t\t\t\n\t\t\t\t\t<figure class=\"ha-card-figure\">\n\t\t\t\t<img decoding=\"async\" width=\"580\" height=\"676\" src=\"https:\/\/bio-freiburg.ch\/wp-content\/uploads\/2025\/04\/Capture-decran-2025-04-28-a-19.44.17.png\" class=\"attachment-large size-large wp-image-5563\" alt=\"March\u00e9 Bio Fribourg 2025\" srcset=\"https:\/\/bio-freiburg.ch\/wp-content\/uploads\/2025\/04\/Capture-decran-2025-04-28-a-19.44.17.png 782w, https:\/\/bio-freiburg.ch\/wp-content\/uploads\/2025\/04\/Capture-decran-2025-04-28-a-19.44.17-257x300.png 257w, https:\/\/bio-freiburg.ch\/wp-content\/uploads\/2025\/04\/Capture-decran-2025-04-28-a-19.44.17-768x896.png 768w\" sizes=\"(max-width: 580px) 100vw, 580px\" \/>\t\t\t\t\t\t\t<\/figure>\n\t\t\n\t\t<div class=\"ha-card-body\">\n\n\t\t\t<h2 class=\"ha-card-title\">March\u00e9 bio de Fribourg<\/h2>\n\t\t\t\t\t\t\t<div class=\"ha-card-text\">\n\t\t\t\t\t<p>Samedi 26 septembre 2026<br><a href=\"https:\/\/marchebio-fribourg.ch\">Site du march\u00e9 bio<\/a><br><\/p>\n\t\t\t\t<\/div>\n\t\t\t\n\t\t\t\t\t<\/div>\n\t\t\t\t\t\t<\/div>\n\t\t\t\t<\/div>\n\t\t\t\t\t<\/div>\n\t\t<\/div>\n\t\t\t\t\t<\/div>\n\t\t<\/section>\n\t\t\t\t<section class=\"elementor-section elementor-top-section elementor-element elementor-element-ca747ab elementor-section-height-min-height elementor-section-boxed elementor-section-height-default elementor-section-items-middle\" data-id=\"ca747ab\" data-element_type=\"section\" data-e-type=\"section\" data-settings=\"{&quot;background_background&quot;:&quot;classic&quot;,&quot;background_motion_fx_motion_fx_scrolling&quot;:&quot;yes&quot;,&quot;background_motion_fx_translateY_effect&quot;:&quot;yes&quot;,&quot;background_motion_fx_translateY_speed&quot;:{&quot;unit&quot;:&quot;px&quot;,&quot;size&quot;:4,&quot;sizes&quot;:[]},&quot;background_motion_fx_translateY_affectedRange&quot;:{&quot;unit&quot;:&quot;%&quot;,&quot;size&quot;:&quot;&quot;,&quot;sizes&quot;:{&quot;start&quot;:0,&quot;end&quot;:100}},&quot;background_motion_fx_devices&quot;:[&quot;desktop&quot;,&quot;tablet&quot;,&quot;mobile&quot;],&quot;_ha_eqh_enable&quot;:false}\">\n\t\t\t\t\t\t\t<div class=\"elementor-background-overlay\"><\/div>\n\t\t\t\t\t\t\t<div class=\"elementor-container elementor-column-gap-default\">\n\t\t\t\t\t<div class=\"elementor-column elementor-col-100 elementor-top-column elementor-element elementor-element-f52ee48\" data-id=\"f52ee48\" data-element_type=\"column\" data-e-type=\"column\">\n\t\t\t<div class=\"elementor-widget-wrap\">\n\t\t\t\t\t\t\t<\/div>\n\t\t<\/div>\n\t\t\t\t\t<\/div>\n\t\t<\/section>\n\t\t\t\t<\/div>\n\t\t","protected":false},"excerpt":{"rendered":"<p>Agenda Assembl\u00e9e g\u00e9n\u00e9rale BioFribourg 12 mars 2026 Foire BioAgri Moudon 9-10 mai 2026 bioagri.ch Journ\u00e9e des l\u00e9gumes Seeland 25 mai 2026 biogmuestag.ch March\u00e9 bio de Bulle Dimanche 7 juin 2026Site du march\u00e9 bio Notre Panier qui roule 30 ao\u00fbt 2026 March\u00e9 bio de Fribourg Samedi 26 septembre 2026Site du march\u00e9 bio<\/p>\n","protected":false},"author":1,"featured_media":0,"parent":0,"menu_order":0,"comment_status":"closed","ping_status":"closed","template":"elementor_header_footer","meta":{"footnotes":""},"class_list":["post-4499","page","type-page","status-publish","hentry"],"yoast_head":"<!-- This site is optimized with the Yoast SEO plugin v27.5 - https:\/\/yoast.com\/product\/yoast-seo-wordpress\/ -->\n<title>BIO FRIBOURG \u2013 Agenda<\/title>\n<meta name=\"description\" content=\"BIO FRIBOURG \u2013 Agenda\" \/>\n<meta name=\"robots\" content=\"index, follow, max-snippet:-1, max-image-preview:large, max-video-preview:-1\" \/>\n<link rel=\"canonical\" href=\"https:\/\/bio-freiburg.ch\/fr\/agenda\/\" \/>\n<meta property=\"og:locale\" content=\"fr_FR\" \/>\n<meta property=\"og:type\" content=\"article\" \/>\n<meta property=\"og:title\" content=\"Bienvenue chez Bio Fribourg, l&#039;association des producteur\u00b7trice\u00b7s bio du canton de Fribourg\" \/>\n<meta property=\"og:description\" content=\"Nous sommes l&#039;organisation cantonale fribourgeoise membre de Bio Suisse , l&#039;association fa\u00eeti\u00e8re des agriculteurs et agricultrices bio suisses qui produisent exclusivement des produits bio certifi\u00e9s par le label Bourgeon.Notre association a \u00e9t\u00e9 fond\u00e9e en 1993 en tant que premi\u00e8re association bio de Suisse romande et compte aujourd&#039;hui environ 250 membres actifs et de soutien. En 2018, nous avons f\u00eat\u00e9 nos 25 ans d&#039;existence.Si vous vous int\u00e9ressez \u00e0 l&#039;agriculture biologique dans le canton de Fribourg ou si vous avez des questions \u00e0 ce sujet, notre comit\u00e9 et en particulier la vulgarisation bio cantonale \u00e0 Grangeneuve se tiennent volontiers \u00e0 votre disposition.\" \/>\n<meta property=\"og:url\" content=\"https:\/\/bio-freiburg.ch\/fr\/agenda\/\" \/>\n<meta property=\"og:site_name\" content=\"Bio Freiburg\" \/>\n<meta property=\"article:publisher\" content=\"https:\/\/www.facebook.com\/biofribourg\" \/>\n<meta property=\"article:modified_time\" content=\"2026-01-29T14:23:19+00:00\" \/>\n<meta property=\"og:image\" content=\"https:\/\/bio-freiburg.ch\/wp-content\/uploads\/2022\/05\/fdlf_alpage_077.jpg\" \/>\n\t<meta property=\"og:image:width\" content=\"1600\" \/>\n\t<meta property=\"og:image:height\" content=\"1067\" \/>\n\t<meta property=\"og:image:type\" content=\"image\/jpeg\" \/>\n<meta name=\"twitter:card\" content=\"summary_large_image\" \/>\n<meta name=\"twitter:title\" content=\"Bienvenue chez Bio Fribourg, l&#039;association des producteur\u00b7trice\u00b7s bio du canton de Fribourg\" \/>\n<meta name=\"twitter:description\" content=\"Nous sommes l&#039;organisation cantonale fribourgeoise membre de Bio Suisse , l&#039;association fa\u00eeti\u00e8re des agriculteurs et agricultrices bio suisses qui produisent exclusivement des produits bio certifi\u00e9s par le label Bourgeon.Notre association a \u00e9t\u00e9 fond\u00e9e en 1993 en tant que premi\u00e8re association bio de Suisse romande et compte aujourd&#039;hui environ 250 membres actifs et de soutien. En 2018, nous avons f\u00eat\u00e9 nos 25 ans d&#039;existence.Si vous vous int\u00e9ressez \u00e0 l&#039;agriculture biologique dans le canton de Fribourg ou si vous avez des questions \u00e0 ce sujet, notre comit\u00e9 et en particulier la vulgarisation bio cantonale \u00e0 Grangeneuve se tiennent volontiers \u00e0 votre disposition.\" \/>\n<meta name=\"twitter:image\" content=\"https:\/\/bio-freiburg.ch\/wp-content\/uploads\/2022\/05\/fdlf_alpage_077.jpg\" \/>\n<meta name=\"twitter:label1\" content=\"Dur\u00e9e de lecture estim\u00e9e\" \/>\n\t<meta name=\"twitter:data1\" content=\"2 minutes\" \/>\n<script type=\"application\/ld+json\" class=\"yoast-schema-graph\">{\"@context\":\"https:\\\/\\\/schema.org\",\"@graph\":[{\"@type\":\"WebPage\",\"@id\":\"https:\\\/\\\/bio-freiburg.ch\\\/fr\\\/agenda\\\/\",\"url\":\"https:\\\/\\\/bio-freiburg.ch\\\/fr\\\/agenda\\\/\",\"name\":\"BIO FRIBOURG \u2013 Agenda\",\"isPartOf\":{\"@id\":\"https:\\\/\\\/bio-freiburg.ch\\\/fr\\\/#website\"},\"primaryImageOfPage\":{\"@id\":\"https:\\\/\\\/bio-freiburg.ch\\\/fr\\\/agenda\\\/#primaryimage\"},\"image\":{\"@id\":\"https:\\\/\\\/bio-freiburg.ch\\\/fr\\\/agenda\\\/#primaryimage\"},\"thumbnailUrl\":\"https:\\\/\\\/bio-freiburg.ch\\\/wp-content\\\/uploads\\\/2022\\\/04\\\/DSC_1624.jpg\",\"datePublished\":\"2022-12-23T08:19:44+00:00\",\"dateModified\":\"2026-01-29T14:23:19+00:00\",\"description\":\"BIO FRIBOURG \u2013 Agenda\",\"breadcrumb\":{\"@id\":\"https:\\\/\\\/bio-freiburg.ch\\\/fr\\\/agenda\\\/#breadcrumb\"},\"inLanguage\":\"fr-FR\",\"potentialAction\":[{\"@type\":\"ReadAction\",\"target\":[\"https:\\\/\\\/bio-freiburg.ch\\\/fr\\\/agenda\\\/\"]}]},{\"@type\":\"ImageObject\",\"inLanguage\":\"fr-FR\",\"@id\":\"https:\\\/\\\/bio-freiburg.ch\\\/fr\\\/agenda\\\/#primaryimage\",\"url\":\"https:\\\/\\\/bio-freiburg.ch\\\/wp-content\\\/uploads\\\/2022\\\/04\\\/DSC_1624.jpg\",\"contentUrl\":\"https:\\\/\\\/bio-freiburg.ch\\\/wp-content\\\/uploads\\\/2022\\\/04\\\/DSC_1624.jpg\"},{\"@type\":\"BreadcrumbList\",\"@id\":\"https:\\\/\\\/bio-freiburg.ch\\\/fr\\\/agenda\\\/#breadcrumb\",\"itemListElement\":[{\"@type\":\"ListItem\",\"position\":1,\"name\":\"Accueil\",\"item\":\"https:\\\/\\\/bio-freiburg.ch\\\/fr\\\/\"},{\"@type\":\"ListItem\",\"position\":2,\"name\":\"Agenda\"}]},{\"@type\":\"WebSite\",\"@id\":\"https:\\\/\\\/bio-freiburg.ch\\\/fr\\\/#website\",\"url\":\"https:\\\/\\\/bio-freiburg.ch\\\/fr\\\/\",\"name\":\"Bio Freiburg\",\"description\":\"Verein der Freiburger Bio-Produzenten\",\"publisher\":{\"@id\":\"https:\\\/\\\/bio-freiburg.ch\\\/fr\\\/#organization\"},\"potentialAction\":[{\"@type\":\"SearchAction\",\"target\":{\"@type\":\"EntryPoint\",\"urlTemplate\":\"https:\\\/\\\/bio-freiburg.ch\\\/fr\\\/?s={search_term_string}\"},\"query-input\":{\"@type\":\"PropertyValueSpecification\",\"valueRequired\":true,\"valueName\":\"search_term_string\"}}],\"inLanguage\":\"fr-FR\"},{\"@type\":\"Organization\",\"@id\":\"https:\\\/\\\/bio-freiburg.ch\\\/fr\\\/#organization\",\"name\":\"BioFribourg\",\"url\":\"https:\\\/\\\/bio-freiburg.ch\\\/fr\\\/\",\"logo\":{\"@type\":\"ImageObject\",\"inLanguage\":\"fr-FR\",\"@id\":\"https:\\\/\\\/bio-freiburg.ch\\\/fr\\\/#\\\/schema\\\/logo\\\/image\\\/\",\"url\":\"https:\\\/\\\/bio-freiburg.ch\\\/wp-content\\\/uploads\\\/2023\\\/08\\\/Capture-decran-2023-08-28-a-14.31.07.png\",\"contentUrl\":\"https:\\\/\\\/bio-freiburg.ch\\\/wp-content\\\/uploads\\\/2023\\\/08\\\/Capture-decran-2023-08-28-a-14.31.07.png\",\"width\":1532,\"height\":1102,\"caption\":\"BioFribourg\"},\"image\":{\"@id\":\"https:\\\/\\\/bio-freiburg.ch\\\/fr\\\/#\\\/schema\\\/logo\\\/image\\\/\"},\"sameAs\":[\"https:\\\/\\\/www.facebook.com\\\/biofribourg\"]}]}<\/script>\n<!-- \/ Yoast SEO plugin. -->","yoast_head_json":{"title":"BIO FRIBOURG \u2013 Agenda","description":"BIO FRIBOURG \u2013 Agenda","robots":{"index":"index","follow":"follow","max-snippet":"max-snippet:-1","max-image-preview":"max-image-preview:large","max-video-preview":"max-video-preview:-1"},"canonical":"https:\/\/bio-freiburg.ch\/fr\/agenda\/","og_locale":"fr_FR","og_type":"article","og_title":"Bienvenue chez Bio Fribourg, l'association des producteur\u00b7trice\u00b7s bio du canton de Fribourg","og_description":"Nous sommes l'organisation cantonale fribourgeoise membre de Bio Suisse , l'association fa\u00eeti\u00e8re des agriculteurs et agricultrices bio suisses qui produisent exclusivement des produits bio certifi\u00e9s par le label Bourgeon.Notre association a \u00e9t\u00e9 fond\u00e9e en 1993 en tant que premi\u00e8re association bio de Suisse romande et compte aujourd'hui environ 250 membres actifs et de soutien. En 2018, nous avons f\u00eat\u00e9 nos 25 ans d'existence.Si vous vous int\u00e9ressez \u00e0 l'agriculture biologique dans le canton de Fribourg ou si vous avez des questions \u00e0 ce sujet, notre comit\u00e9 et en particulier la vulgarisation bio cantonale \u00e0 Grangeneuve se tiennent volontiers \u00e0 votre disposition.","og_url":"https:\/\/bio-freiburg.ch\/fr\/agenda\/","og_site_name":"Bio Freiburg","article_publisher":"https:\/\/www.facebook.com\/biofribourg","article_modified_time":"2026-01-29T14:23:19+00:00","og_image":[{"width":1600,"height":1067,"url":"https:\/\/bio-freiburg.ch\/wp-content\/uploads\/2022\/05\/fdlf_alpage_077.jpg","type":"image\/jpeg"}],"twitter_card":"summary_large_image","twitter_title":"Bienvenue chez Bio Fribourg, l'association des producteur\u00b7trice\u00b7s bio du canton de Fribourg","twitter_description":"Nous sommes l'organisation cantonale fribourgeoise membre de Bio Suisse , l'association fa\u00eeti\u00e8re des agriculteurs et agricultrices bio suisses qui produisent exclusivement des produits bio certifi\u00e9s par le label Bourgeon.Notre association a \u00e9t\u00e9 fond\u00e9e en 1993 en tant que premi\u00e8re association bio de Suisse romande et compte aujourd'hui environ 250 membres actifs et de soutien. En 2018, nous avons f\u00eat\u00e9 nos 25 ans d'existence.Si vous vous int\u00e9ressez \u00e0 l'agriculture biologique dans le canton de Fribourg ou si vous avez des questions \u00e0 ce sujet, notre comit\u00e9 et en particulier la vulgarisation bio cantonale \u00e0 Grangeneuve se tiennent volontiers \u00e0 votre disposition.","twitter_image":"https:\/\/bio-freiburg.ch\/wp-content\/uploads\/2022\/05\/fdlf_alpage_077.jpg","twitter_misc":{"Dur\u00e9e de lecture estim\u00e9e":"2 minutes"},"schema":{"@context":"https:\/\/schema.org","@graph":[{"@type":"WebPage","@id":"https:\/\/bio-freiburg.ch\/fr\/agenda\/","url":"https:\/\/bio-freiburg.ch\/fr\/agenda\/","name":"BIO FRIBOURG \u2013 Agenda","isPartOf":{"@id":"https:\/\/bio-freiburg.ch\/fr\/#website"},"primaryImageOfPage":{"@id":"https:\/\/bio-freiburg.ch\/fr\/agenda\/#primaryimage"},"image":{"@id":"https:\/\/bio-freiburg.ch\/fr\/agenda\/#primaryimage"},"thumbnailUrl":"https:\/\/bio-freiburg.ch\/wp-content\/uploads\/2022\/04\/DSC_1624.jpg","datePublished":"2022-12-23T08:19:44+00:00","dateModified":"2026-01-29T14:23:19+00:00","description":"BIO FRIBOURG \u2013 Agenda","breadcrumb":{"@id":"https:\/\/bio-freiburg.ch\/fr\/agenda\/#breadcrumb"},"inLanguage":"fr-FR","potentialAction":[{"@type":"ReadAction","target":["https:\/\/bio-freiburg.ch\/fr\/agenda\/"]}]},{"@type":"ImageObject","inLanguage":"fr-FR","@id":"https:\/\/bio-freiburg.ch\/fr\/agenda\/#primaryimage","url":"https:\/\/bio-freiburg.ch\/wp-content\/uploads\/2022\/04\/DSC_1624.jpg","contentUrl":"https:\/\/bio-freiburg.ch\/wp-content\/uploads\/2022\/04\/DSC_1624.jpg"},{"@type":"BreadcrumbList","@id":"https:\/\/bio-freiburg.ch\/fr\/agenda\/#breadcrumb","itemListElement":[{"@type":"ListItem","position":1,"name":"Accueil","item":"https:\/\/bio-freiburg.ch\/fr\/"},{"@type":"ListItem","position":2,"name":"Agenda"}]},{"@type":"WebSite","@id":"https:\/\/bio-freiburg.ch\/fr\/#website","url":"https:\/\/bio-freiburg.ch\/fr\/","name":"Bio Freiburg","description":"Verein der Freiburger Bio-Produzenten","publisher":{"@id":"https:\/\/bio-freiburg.ch\/fr\/#organization"},"potentialAction":[{"@type":"SearchAction","target":{"@type":"EntryPoint","urlTemplate":"https:\/\/bio-freiburg.ch\/fr\/?s={search_term_string}"},"query-input":{"@type":"PropertyValueSpecification","valueRequired":true,"valueName":"search_term_string"}}],"inLanguage":"fr-FR"},{"@type":"Organization","@id":"https:\/\/bio-freiburg.ch\/fr\/#organization","name":"BioFribourg","url":"https:\/\/bio-freiburg.ch\/fr\/","logo":{"@type":"ImageObject","inLanguage":"fr-FR","@id":"https:\/\/bio-freiburg.ch\/fr\/#\/schema\/logo\/image\/","url":"https:\/\/bio-freiburg.ch\/wp-content\/uploads\/2023\/08\/Capture-decran-2023-08-28-a-14.31.07.png","contentUrl":"https:\/\/bio-freiburg.ch\/wp-content\/uploads\/2023\/08\/Capture-decran-2023-08-28-a-14.31.07.png","width":1532,"height":1102,"caption":"BioFribourg"},"image":{"@id":"https:\/\/bio-freiburg.ch\/fr\/#\/schema\/logo\/image\/"},"sameAs":["https:\/\/www.facebook.com\/biofribourg"]}]}},"_links":{"self":[{"href":"https:\/\/bio-freiburg.ch\/fr\/wp-json\/wp\/v2\/pages\/4499","targetHints":{"allow":["GET"]}}],"collection":[{"href":"https:\/\/bio-freiburg.ch\/fr\/wp-json\/wp\/v2\/pages"}],"about":[{"href":"https:\/\/bio-freiburg.ch\/fr\/wp-json\/wp\/v2\/types\/page"}],"author":[{"embeddable":true,"href":"https:\/\/bio-freiburg.ch\/fr\/wp-json\/wp\/v2\/users\/1"}],"replies":[{"embeddable":true,"href":"https:\/\/bio-freiburg.ch\/fr\/wp-json\/wp\/v2\/comments?post=4499"}],"version-history":[{"count":171,"href":"https:\/\/bio-freiburg.ch\/fr\/wp-json\/wp\/v2\/pages\/4499\/revisions"}],"predecessor-version":[{"id":5744,"href":"https:\/\/bio-freiburg.ch\/fr\/wp-json\/wp\/v2\/pages\/4499\/revisions\/5744"}],"wp:attachment":[{"href":"https:\/\/bio-freiburg.ch\/fr\/wp-json\/wp\/v2\/media?parent=4499"}],"curies":[{"name":"wp","href":"https:\/\/api.w.org\/{rel}","templated":true}]}}